{"id":8657,"date":"2023-01-25T12:32:10","date_gmt":"2023-01-25T12:32:10","guid":{"rendered":"https:\/\/www.evopack.net\/politica-de-privacidad\/"},"modified":"2025-01-13T10:25:13","modified_gmt":"2025-01-13T10:25:13","slug":"politiques-de-privacitat","status":"publish","type":"page","link":"https:\/\/www.evopack.net\/ca\/politiques-de-privacitat\/","title":{"rendered":"Politiques de privacitat"},"content":{"rendered":"\n<h1 class=\"wp-block-heading\">Politiques de privacitat<\/h1>\n\n\n\n<p><\/p>\n\n\n\n<p>Per a <strong>EVOPACK Solutions S.L<\/strong> (d&#8217;ara endavant <strong>EVOPACK<\/strong>) \u00e9s molt important garantir el tractament de les dades personals dels interessats en els productes i serveis que oferim, i complir amb el Reglament (UE) 2016\/679 del Parlament Europeu i del Consell de 27 d&#8217;abril de 2016, relatiu a la protecci\u00f3 de les persones f\u00edsiques pel que fa al tractament de dades personals i a la lliure circulaci\u00f3 d&#8217;aquestes dades, conegut com a Reglament General de Protecci\u00f3 de Dades (RGPD).<\/p>\n\n\n\n<p>Volem oferir-te tota la informaci\u00f3 necess\u00e0ria d&#8217;una manera transparent i senzilla, per la qual cosa et recomanem llegir tranquil\u00b7lament aquesta pol\u00edtica de privacitat, i aix\u00ed poder con\u00e8ixer i entendre els tractaments de dades que executem.<\/p>\n\n\n\n<p>El nostre m\u00e0xim comprom\u00eds \u00e9s la confidencialitat i seguretat de les teves dades, de manera que ens esforcem dia a dia en millorar els nostres processos de tractament de dades personals.<\/p>\n\n\n\n<p>La pol\u00edtica de privacitat pot ser modificada per decisi\u00f3 unilateral d&#8217;EVOPACK, per la qual cosa es recomana la seva consulta de manera regular.<\/p>\n\n\n\n<p>Si tens qualsevol dubte relatiu al tractament de les teves dades personals, no dubtis en contactar amb nosaltres mitjan\u00e7ant el correu electr\u00f2nic: info@evopack.net<\/p>\n\n\n\n<h3 class=\"wp-block-heading\"><strong>Qui \u00e9s el responsable del tractament de les teves dades?<\/strong><\/h3>\n\n\n\n<p>Els tractaments de dades personals d&#8217;EVOPACK els assumeix la seg\u00fcent mercantil en qualitat de responsable de tractament de dades personals:<\/p>\n\n\n\n<p>EVOPACK Solutions S.L.<\/p>\n\n\n\n<p>NIF B62410204<\/p>\n\n\n\n<p>C\/ Mallorca 272-276, 5\u00ba-3\u00aa<\/p>\n\n\n\n<p>08037 Barcelona<\/p>\n\n\n\n<p>Tel 932155872<\/p>\n\n\n\n<p>info@evopack.net<\/p>\n\n\n\n<h3 class=\"wp-block-heading\"><strong>Qu\u00e8 fem amb les teves dades personals?<\/strong><\/h3>\n\n\n\n<p>A continuaci\u00f3, t&#8217;informem de les finalitats per a les quals tractem les teves dades personals, i que, sense ser una relaci\u00f3 exhaustiva, es poden concretar en:<\/p>\n\n\n\n<p>1.Atenci\u00f3 a interessats o consultes sobre els productes propis i per a la comercialitzaci\u00f3 d&#8217;EVOPACK.<\/p>\n\n\n\n<p>2.Gesti\u00f3 de la relaci\u00f3 contractual amb els clients d&#8217;EVOPACK: gesti\u00f3 econ\u00f2mica, facturaci\u00f3 i administraci\u00f3.<\/p>\n\n\n\n<p>3.Gesti\u00f3 i seguiment per a enviament de comunicacions de car\u00e0cter comercial, informatiu o serveis que puguin ser d&#8217;inter\u00e8s pels interessats.<\/p>\n\n\n\n<h3 class=\"wp-block-heading\"><strong>Quines dades personals recopilem?<\/strong><\/h3>\n\n\n\n<p>Les dades que recopilem s\u00f3n les estrictament necess\u00e0ries per a la realitzaci\u00f3 de les finalitats descrites anteriorment i que es poden concretar amb:<\/p>\n\n\n\n<p>1.Dades identificatives necess\u00e0ries per establir la relaci\u00f3 contractual, com ara nom i cognoms, NIF i altres dades fiscals.<\/p>\n\n\n\n<p>2.Dades identificatives per a poder comunicar-nos, com ara tel\u00e8fon, correu electr\u00f2nic.<\/p>\n\n\n\n<p><strong>Quan ens proporciones la teva informaci\u00f3, et compromets a qu\u00e8 la informaci\u00f3 i les dades que facilites s\u00f3n exactes i veraces i no contenen errors.<\/strong><\/p>\n\n\n\n<p>Recorda que \u00e9s molt important que ens comuniquis, el m\u00e9s aviat possible, possibles modificacions i\/o rectificacions de les teves dades de car\u00e0cter personal al correu electr\u00f2nic info@evopack.net.<\/p>\n\n\n\n<h3 class=\"wp-block-heading\"><strong>Quina \u00e9s la base jur\u00eddica pel tractament de les teves dades?<\/strong><\/h3>\n\n\n\n<p>Les bases jur\u00eddiques que habiliten el tractament de les teves dades personals en relaci\u00f3 amb les finalitats descrites anteriorment s\u00f3n:<\/p>\n\n\n\n<p><strong>Interessats en els serveis d&#8217;EVOPACK: la base de legitimaci\u00f3 per al tractament de dades de contactes interessats \u00e9s el consentiment expr\u00e9s i inequ\u00edvoc atorgat pels mateixos.<\/strong><\/p>\n\n\n\n<p><strong>Clients d&#8217;EVOPACK: la base de legitimaci\u00f3 \u00e9s la relaci\u00f3 contractual<\/strong> que es formalitza amb les operacions de venda de productes d&#8217;EVOPACK.<\/p>\n\n\n\n<p><strong>A qui comuniquem les teves dades personals?<\/strong><\/p>\n\n\n\n<p>No cedirem les teves dades a tercers, llevat que sigui necessari per a complir amb un requeriment legal.<\/p>\n\n\n\n<p><strong>Realitzem transfer\u00e8ncies internacionals de les teves dades?<\/strong><\/p>\n\n\n\n<p>No realitzarem transfer\u00e8ncies internacionals de les teves dades personals per cap de les finalitats indicades.<\/p>\n\n\n\n<h3 class=\"wp-block-heading\"><strong>Durant quant de temps conservem les teves dades?<\/strong><\/h3>\n\n\n\n<p>Depenent de cadascuna de les finalitats de tractament que fem de les teves dades, conservem les dades en relaci\u00f3 amb els terminis de conservaci\u00f3 marcats en la normativa vigent d&#8217;aplicaci\u00f3, i fins que revocis el teu consentiment si escau.<\/p>\n\n\n\n<p>T&#8217;informem que les teves dades es conservaran bloquejades al finalitzar el tractament a qu\u00e8 es destinen i durant els terminis de prescripci\u00f3 d&#8217;obligacions definits per a cada finalitat del tractament indicades.<\/p>\n\n\n\n<h3 class=\"wp-block-heading\"><strong>Quins s\u00f3n els teus drets com a interessat?<\/strong><\/h3>\n\n\n\n<p>Des d&#8217;EVOPACK volem garantir plenament l&#8217;exercici dels drets que disposis en virtut del RGPD. En aquest sentit, t&#8217;informem que disposes dels seg\u00fcents drets:<\/p>\n\n\n\n<p>Dret d&#8217;acc\u00e9s a les teves dades personals: per con\u00e8ixer quines dades personals tractem i les operacions de tractament que duem a terme.<\/p>\n\n\n\n<p>Dret de rectificaci\u00f3 de qualsevol dada personal inexacta.<\/p>\n\n\n\n<p>Dret de supressi\u00f3 de les teves dades personals: quan aix\u00f2 sigui possible i sense perjudici del bloqueig de la informaci\u00f3 amb reserva legal.<\/p>\n\n\n\n<p>Dret a sol\u00b7licitar la limitaci\u00f3 del tractament de les teves dades personals quan la exactitud, la legalitat o la necessitat del tractament de les dades resulti dubtosa, en aquest cas, podrem conservar-les bloquejades per a l&#8217;exercici o la defensa de reclamacions.<\/p>\n\n\n\n<p>Dret d&#8217;oposici\u00f3 al tractament de les teves dades personals, quan la base legal que ens habiliti per al seu tractament de les indicades sigui el nostre inter\u00e8s leg\u00edtim, deixar\u00e0 de tractar les teves dades llevat que tingui un inter\u00e8s leg\u00edtim o sigui necessari per a la defensa de reclamacions.<\/p>\n\n\n\n<p>Dret a la portabilitat de les teves dades.<\/p>\n\n\n\n<p>Pots exercir qualsevol dels drets quan creguis oport\u00fa i de forma gratu\u00efta enviant un correu electr\u00f2nic a info@evopack.net, indicant el dret que desitges exercir i les teves dades identificatives.<\/p>\n\n\n\n<p>Tamb\u00e9 t&#8217;informem que tens dret a presentar una reclamaci\u00f3 davant l&#8217;Ag\u00e8ncia Espanyola de Protecci\u00f3 de Dades si consideres que s&#8217;ha com\u00e8s una infracci\u00f3 de la legislaci\u00f3 en mat\u00e8ria de protecci\u00f3 de dades respecte al tractament de les teves dades personals.<\/p>\n","protected":false},"excerpt":{"rendered":"<p>Politiques de privacitat Per a EVOPACK Solutions S.L (d&#8217;ara endavant EVOPACK) \u00e9s molt important garantir el tractament de les dades [&hellip;]<\/p>\n","protected":false},"author":1,"featured_media":0,"parent":0,"menu_order":0,"comment_status":"closed","ping_status":"closed","template":"","meta":{"_acf_changed":false,"site-sidebar-layout":"default","site-content-layout":"","ast-site-content-layout":"","site-content-style":"default","site-sidebar-style":"default","ast-global-header-display":"","ast-banner-title-visibility":"","ast-main-header-display":"","ast-hfb-above-header-display":"","ast-hfb-below-header-display":"","ast-hfb-mobile-header-display":"","site-post-title":"","ast-breadcrumbs-content":"","ast-featured-img":"","footer-sml-layout":"","theme-transparent-header-meta":"","adv-header-id-meta":"","stick-header-meta":"","header-above-stick-meta":"","header-main-stick-meta":"","header-below-stick-meta":"","astra-migrate-meta-layouts":"default","ast-page-background-enabled":"default","ast-page-background-meta":{"desktop":{"background-color":"var(--ast-global-color-4)","background-image":"","background-repeat":"repeat","background-position":"center center","background-size":"auto","background-attachment":"scroll","background-type":"","background-media":"","overlay-type":"","overlay-color":"","overlay-opacity":"","overlay-gradient":""},"tablet":{"background-color":"","background-image":"","background-repeat":"repeat","background-position":"center center","background-size":"auto","background-attachment":"scroll","background-type":"","background-media":"","overlay-type":"","overlay-color":"","overlay-opacity":"","overlay-gradient":""},"mobile":{"background-color":"","background-image":"","background-repeat":"repeat","background-position":"center center","background-size":"auto","background-attachment":"scroll","background-type":"","background-media":"","overlay-type":"","overlay-color":"","overlay-opacity":"","overlay-gradient":""}},"ast-content-background-meta":{"desktop":{"background-color":"var(--ast-global-color-5)","background-image":"","background-repeat":"repeat","background-position":"center center","background-size":"auto","background-attachment":"scroll","background-type":"","background-media":"","overlay-type":"","overlay-color":"","overlay-opacity":"","overlay-gradient":""},"tablet":{"background-color":"var(--ast-global-color-5)","background-image":"","background-repeat":"repeat","background-position":"center center","background-size":"auto","background-attachment":"scroll","background-type":"","background-media":"","overlay-type":"","overlay-color":"","overlay-opacity":"","overlay-gradient":""},"mobile":{"background-color":"var(--ast-global-color-5)","background-image":"","background-repeat":"repeat","background-position":"center center","background-size":"auto","background-attachment":"scroll","background-type":"","background-media":"","overlay-type":"","overlay-color":"","overlay-opacity":"","overlay-gradient":""}},"footnotes":""},"class_list":["post-8657","page","type-page","status-publish","hentry"],"acf":[],"yoast_head":"<!-- This site is optimized with the Yoast SEO plugin v26.5 - https:\/\/yoast.com\/wordpress\/plugins\/seo\/ -->\n<title>Politiques de privacitat - Evopack<\/title>\n<meta name=\"robots\" content=\"index, follow, max-snippet:-1, max-image-preview:large, max-video-preview:-1\" \/>\n<link rel=\"canonical\" href=\"https:\/\/www.evopack.net\/ca\/politiques-de-privacitat\/\" \/>\n<meta name=\"twitter:label1\" content=\"Temps estimat de lectura\" \/>\n\t<meta name=\"twitter:data1\" content=\"5 minuts\" \/>\n<script type=\"application\/ld+json\" class=\"yoast-schema-graph\">{\"@context\":\"https:\/\/schema.org\",\"@graph\":[{\"@type\":\"WebPage\",\"@id\":\"https:\/\/www.evopack.net\/ca\/politiques-de-privacitat\/\",\"url\":\"https:\/\/www.evopack.net\/ca\/politiques-de-privacitat\/\",\"name\":\"Politiques de privacitat - Evopack\",\"isPartOf\":{\"@id\":\"https:\/\/www.evopack.net\/ca\/#website\"},\"datePublished\":\"2023-01-25T12:32:10+00:00\",\"dateModified\":\"2025-01-13T10:25:13+00:00\",\"breadcrumb\":{\"@id\":\"https:\/\/www.evopack.net\/ca\/politiques-de-privacitat\/#breadcrumb\"},\"inLanguage\":\"ca\",\"potentialAction\":[{\"@type\":\"ReadAction\",\"target\":[\"https:\/\/www.evopack.net\/ca\/politiques-de-privacitat\/\"]}]},{\"@type\":\"WebSite\",\"@id\":\"https:\/\/www.evopack.net\/ca\/#website\",\"url\":\"https:\/\/www.evopack.net\/ca\/\",\"name\":\"Evopack\",\"description\":\"Envases y embalajes\",\"publisher\":{\"@id\":\"https:\/\/www.evopack.net\/ca\/#organization\"},\"potentialAction\":[{\"@type\":\"SearchAction\",\"target\":{\"@type\":\"EntryPoint\",\"urlTemplate\":\"https:\/\/www.evopack.net\/ca\/?s={search_term_string}\"},\"query-input\":{\"@type\":\"PropertyValueSpecification\",\"valueRequired\":true,\"valueName\":\"search_term_string\"}}],\"inLanguage\":\"ca\"},{\"@type\":\"Organization\",\"@id\":\"https:\/\/www.evopack.net\/ca\/#organization\",\"name\":\"Evopack\",\"url\":\"https:\/\/www.evopack.net\/ca\/\",\"logo\":{\"@type\":\"ImageObject\",\"inLanguage\":\"ca\",\"@id\":\"https:\/\/www.evopack.net\/ca\/#\/schema\/logo\/image\/\",\"url\":\"https:\/\/www.evopack.net\/wp-content\/uploads\/2025\/09\/logo-evopack.png\",\"contentUrl\":\"https:\/\/www.evopack.net\/wp-content\/uploads\/2025\/09\/logo-evopack.png\",\"width\":355,\"height\":57,\"caption\":\"Evopack\"},\"image\":{\"@id\":\"https:\/\/www.evopack.net\/ca\/#\/schema\/logo\/image\/\"}}]}<\/script>\n<!-- \/ Yoast SEO plugin. -->","yoast_head_json":{"title":"Politiques de privacitat - Evopack","robots":{"index":"index","follow":"follow","max-snippet":"max-snippet:-1","max-image-preview":"max-image-preview:large","max-video-preview":"max-video-preview:-1"},"canonical":"https:\/\/www.evopack.net\/ca\/politiques-de-privacitat\/","twitter_misc":{"Temps estimat de lectura":"5 minuts"},"schema":{"@context":"https:\/\/schema.org","@graph":[{"@type":"WebPage","@id":"https:\/\/www.evopack.net\/ca\/politiques-de-privacitat\/","url":"https:\/\/www.evopack.net\/ca\/politiques-de-privacitat\/","name":"Politiques de privacitat - Evopack","isPartOf":{"@id":"https:\/\/www.evopack.net\/ca\/#website"},"datePublished":"2023-01-25T12:32:10+00:00","dateModified":"2025-01-13T10:25:13+00:00","breadcrumb":{"@id":"https:\/\/www.evopack.net\/ca\/politiques-de-privacitat\/#breadcrumb"},"inLanguage":"ca","potentialAction":[{"@type":"ReadAction","target":["https:\/\/www.evopack.net\/ca\/politiques-de-privacitat\/"]}]},{"@type":"WebSite","@id":"https:\/\/www.evopack.net\/ca\/#website","url":"https:\/\/www.evopack.net\/ca\/","name":"Evopack","description":"Envases y embalajes","publisher":{"@id":"https:\/\/www.evopack.net\/ca\/#organization"},"potentialAction":[{"@type":"SearchAction","target":{"@type":"EntryPoint","urlTemplate":"https:\/\/www.evopack.net\/ca\/?s={search_term_string}"},"query-input":{"@type":"PropertyValueSpecification","valueRequired":true,"valueName":"search_term_string"}}],"inLanguage":"ca"},{"@type":"Organization","@id":"https:\/\/www.evopack.net\/ca\/#organization","name":"Evopack","url":"https:\/\/www.evopack.net\/ca\/","logo":{"@type":"ImageObject","inLanguage":"ca","@id":"https:\/\/www.evopack.net\/ca\/#\/schema\/logo\/image\/","url":"https:\/\/www.evopack.net\/wp-content\/uploads\/2025\/09\/logo-evopack.png","contentUrl":"https:\/\/www.evopack.net\/wp-content\/uploads\/2025\/09\/logo-evopack.png","width":355,"height":57,"caption":"Evopack"},"image":{"@id":"https:\/\/www.evopack.net\/ca\/#\/schema\/logo\/image\/"}}]}},"_links":{"self":[{"href":"https:\/\/www.evopack.net\/ca\/wp-json\/wp\/v2\/pages\/8657","targetHints":{"allow":["GET"]}}],"collection":[{"href":"https:\/\/www.evopack.net\/ca\/wp-json\/wp\/v2\/pages"}],"about":[{"href":"https:\/\/www.evopack.net\/ca\/wp-json\/wp\/v2\/types\/page"}],"author":[{"embeddable":true,"href":"https:\/\/www.evopack.net\/ca\/wp-json\/wp\/v2\/users\/1"}],"replies":[{"embeddable":true,"href":"https:\/\/www.evopack.net\/ca\/wp-json\/wp\/v2\/comments?post=8657"}],"version-history":[{"count":0,"href":"https:\/\/www.evopack.net\/ca\/wp-json\/wp\/v2\/pages\/8657\/revisions"}],"wp:attachment":[{"href":"https:\/\/www.evopack.net\/ca\/wp-json\/wp\/v2\/media?parent=8657"}],"curies":[{"name":"wp","href":"https:\/\/api.w.org\/{rel}","templated":true}]}}